{"id":277,"date":"2018-10-01T14:21:24","date_gmt":"2018-10-01T12:21:24","guid":{"rendered":"http:\/\/sternberk.casd.cz\/?page_id=277"},"modified":"2024-07-06T19:05:12","modified_gmt":"2024-07-06T17:05:12","slug":"shromazdeni","status":"publish","type":"page","link":"https:\/\/sternberk.casd.cz\/?page_id=277","title":{"rendered":"Shrom\u00e1\u017ed\u011bn\u00ed"},"content":{"rendered":"<p>Zveme V\u00e1s do na\u0161eho shrom\u00e1\u017ed\u011bn\u00ed, kter\u00e9 prob\u00edh\u00e1 ka\u017edou sobotu od 9:00 hod. (<a href=\"http:\/\/sternberk.casd.cz\/?page_id=304\">viz program<\/a>)<\/p>\n<p>Zpravidla za\u010d\u00edn\u00e1me k\u00e1z\u00e1n\u00edm Bo\u017e\u00edho slova, po p\u0159est\u00e1vce pokra\u010dujeme asi od 10:30 hod. sobotn\u00ed \u0161kolou, kde studujeme n\u011bkter\u00e9 z biblick\u00fdch t\u00e9mat. Ve 3. \u010dtvrtlet\u00ed 2024 studujeme evangelium podle Marka<strong>.<\/strong>&nbsp;Studium prob\u00edh\u00e1 formou diskuze.<\/p>\n<p>Ne\u017e se rozejdeme, sd\u00edl\u00edme se u poledn\u00edho ob\u010derstven\u00ed.<\/p>\n<p>Zveme v\u0161echny z\u00e1jemce!<\/p>\n","protected":false},"excerpt":{"rendered":"<p>Zveme V\u00e1s do na\u0161eho shrom\u00e1\u017ed\u011bn\u00ed, kter\u00e9 prob\u00edh\u00e1 ka\u017edou sobotu od 9:00 hod. (viz program) Zpravidla za\u010d\u00edn\u00e1me k\u00e1z\u00e1n\u00edm Bo\u017e\u00edho slova, po p\u0159est\u00e1vce pokra\u010dujeme asi od 10:30 hod. sobotn\u00ed \u0161kolou, kde studujeme n\u011bkter\u00e9 z biblick\u00fdch t\u00e9mat. Ve 3. \u010dtvrtlet\u00ed 2024 studujeme evangelium podle Marka.&nbsp;Studium prob\u00edh\u00e1 formou diskuze. Ne\u017e se rozejdeme, sd\u00edl\u00edme se u poledn\u00edho ob\u010derstven\u00ed. Zveme v\u0161echny [&hellip;]<\/p>\n","protected":false},"author":1,"featured_media":0,"parent":0,"menu_order":0,"comment_status":"open","ping_status":"open","template":"","meta":{"ngg_post_thumbnail":0,"footnotes":""},"class_list":["post-277","page","type-page","status-publish","hentry"],"_links":{"self":[{"href":"https:\/\/sternberk.casd.cz\/index.php?rest_route=\/wp\/v2\/pages\/277","targetHints":{"allow":["GET"]}}],"collection":[{"href":"https:\/\/sternberk.casd.cz\/index.php?rest_route=\/wp\/v2\/pages"}],"about":[{"href":"https:\/\/sternberk.casd.cz\/index.php?rest_route=\/wp\/v2\/types\/page"}],"author":[{"embeddable":true,"href":"https:\/\/sternberk.casd.cz\/index.php?rest_route=\/wp\/v2\/users\/1"}],"replies":[{"embeddable":true,"href":"https:\/\/sternberk.casd.cz\/index.php?rest_route=%2Fwp%2Fv2%2Fcomments&post=277"}],"version-history":[{"count":5,"href":"https:\/\/sternberk.casd.cz\/index.php?rest_route=\/wp\/v2\/pages\/277\/revisions"}],"predecessor-version":[{"id":1095,"href":"https:\/\/sternberk.casd.cz\/index.php?rest_route=\/wp\/v2\/pages\/277\/revisions\/1095"}],"wp:attachment":[{"href":"https:\/\/sternberk.casd.cz\/index.php?rest_route=%2Fwp%2Fv2%2Fmedia&parent=277"}],"curies":[{"name":"wp","href":"https:\/\/api.w.org\/{rel}","templated":true}]}}