{"id":304,"date":"2020-01-01T08:11:00","date_gmt":"2020-01-01T06:11:00","guid":{"rendered":"http:\/\/sternberk.casd.cz\/?page_id=304"},"modified":"2024-07-06T18:46:38","modified_gmt":"2024-07-06T16:46:38","slug":"program-2","status":"publish","type":"page","link":"https:\/\/sternberk.casd.cz\/?page_id=304","title":{"rendered":"Program"},"content":{"rendered":"<table style=\"width: 100.725%; height: 601px;\" border=\"1\" cellspacing=\"0\" cellpadding=\"4\">\n<colgroup>\n<col width=\"30*\">\n<col width=\"93*\">\n<col width=\"41*\">\n<col width=\"58*\">\n<col width=\"34*\"> <\/colgroup>\n<tbody>\n<tr style=\"height: 56px;\">\n<td style=\"width: 106%; height: 56px;\" colspan=\"5\" valign=\"TOP\">\n<p style=\"text-align: center;\" align=\"CENTER\"><b><span style=\"font-size: 12pt;\">3. \u010dtvrtlet\u00ed 2024 &#8211; Evangelium podle Marka<\/span><br \/>\n<\/b><\/p>\n<p style=\"text-align: center;\" align=\"CENTER\">(kliknut\u00edm na jednotliv\u00e1 t\u00e9mata z\u00edsk\u00e1te lekci v pdf.)<\/p>\n<\/td>\n<\/tr>\n<tr style=\"height: 24px;\" valign=\"TOP\">\n<td style=\"width: 13.8116%; height: 24px;\"><span style=\"font-size: 8pt;\"><b>Datum<\/b><\/span><\/td>\n<td style=\"width: 41.7158%; height: 24px;\"><span style=\"font-size: 8pt;\"><b>Sobotn\u00ed \u0161kola &#8211; t\u00e9ma<\/b><\/span><\/td>\n<td style=\"width: 15.911%; height: 24px;\"><b>Veden\u00ed S\u0160<\/b><\/td>\n<td style=\"width: 16.2534%; height: 24px;\"><b>K\u00e1z\u00e1n\u00ed<\/b><\/td>\n<td style=\"width: 18.3082%; height: 24px;\"><b>Pozn\u00e1mka<\/b><\/td>\n<\/tr>\n<tr style=\"height: 56px;\" valign=\"TOP\">\n<td style=\"width: 13.8116%; height: 10px;\">\n<h5 align=\"RIGHT\">6. 7. 2024<\/h5>\n<\/td>\n<td style=\"width: 41.7158%; height: 10px;\"><a href=\"https:\/\/sobotniskola.casd.cz\/lekce_PDF\/aktualni\/01.pdf\"><span style=\"font-size: 8pt;\"><strong>1. \u201ePo\u010d\u00e1tek evangelia Je\u017e\u00ed\u0161e Krista\u2026\u201c<\/strong><\/span><\/a><\/td>\n<td style=\"width: 15.911%; height: 10px;\">Foks J.<\/td>\n<td style=\"width: 16.2534%; height: 10px;\" width=\"100\">Strouhal<\/td>\n<td style=\"width: 18.3082%; height: 10px;\"><strong><span style=\"font-size: 8pt;\">&nbsp;<\/span><\/strong><\/td>\n<\/tr>\n<tr style=\"height: 56px;\" valign=\"TOP\">\n<td style=\"width: 13.8116%; height: 58px;\">\n<h5 align=\"RIGHT\">13. 7. 2024<\/h5>\n<\/td>\n<td style=\"width: 41.7158%; height: 58px;\"><a href=\"https:\/\/sobotniskola.casd.cz\/lekce_PDF\/aktualni\/02.pdf\"><span style=\"font-size: 8pt;\"><strong>2. Sobota s Je\u017e\u00ed\u0161em<\/strong><\/span><\/a><\/td>\n<td style=\"width: 15.911%; height: 58px;\">Foksov\u00e1 J.<\/td>\n<td style=\"width: 16.2534%; height: 58px;\" width=\"100\">&nbsp;<\/td>\n<td style=\"width: 18.3082%; height: 58px;\">&nbsp;<\/td>\n<\/tr>\n<tr style=\"height: 56px;\" valign=\"TOP\">\n<td style=\"width: 13.8116%; height: 62px;\">\n<h5 align=\"RIGHT\">20. 7. 2024<\/h5>\n<\/td>\n<td style=\"width: 41.7158%; height: 62px;\"><a href=\"https:\/\/sobotniskola.casd.cz\/lekce_PDF\/aktualni\/03.pdf\"><span style=\"font-size: 8pt;\"><strong>3. Spory o Je\u017e\u00ed\u0161ovo u\u010den\u00ed<\/strong><\/span><\/a><\/td>\n<td style=\"width: 15.911%; height: 62px;\">Stan\u011bk M.<\/td>\n<td style=\"width: 16.2534%; height: 62px;\">Podsedn\u00edk F.<\/td>\n<td style=\"width: 18.3082%; height: 62px;\">&nbsp;<\/td>\n<\/tr>\n<tr style=\"height: 56px;\" valign=\"TOP\">\n<td style=\"width: 13.8116%; height: 11px;\">\n<h5 align=\"RIGHT\">27. 7. 2024<\/h5>\n<\/td>\n<td style=\"width: 41.7158%; height: 11px;\"><a href=\"https:\/\/sobotniskola.casd.cz\/lekce_PDF\/aktualni\/04.pdf\"><span style=\"font-size: 8pt;\"><strong>4. Je\u017e\u00ed\u0161ova podobenstv\u00ed<\/strong><\/span><\/a><\/td>\n<td style=\"width: 15.911%; height: 11px;\">Sta\u0148kov\u00e1 D.<\/td>\n<td style=\"width: 16.2534%; height: 11px;\" width=\"106\">\u0160anovec F.<\/td>\n<td style=\"width: 18.3082%; height: 11px;\"><span style=\"font-size: 8pt;\">&nbsp;<\/span><\/td>\n<\/tr>\n<tr style=\"height: 56px;\" valign=\"TOP\">\n<td style=\"width: 13.8116%; height: 46px;\">\n<h5 align=\"RIGHT\">3. 8. 2024<\/h5>\n<\/td>\n<td style=\"width: 41.7158%; height: 46px;\"><a href=\"https:\/\/sobotniskola.casd.cz\/lekce_PDF\/aktualni\/05.pdf\"><span style=\"font-size: 8pt;\"><strong>5. Z\u00e1zraky u jezera<\/strong><\/span><\/a><\/td>\n<td style=\"width: 15.911%; height: 46px;\">Galanopulos J.<\/td>\n<td style=\"width: 16.2534%; height: 46px;\" width=\"100\">Strouhal<\/td>\n<td style=\"width: 18.3082%; height: 46px;\">&nbsp;<\/td>\n<\/tr>\n<tr style=\"height: 56px;\" valign=\"TOP\">\n<td style=\"width: 13.8116%; height: 49px;\">\n<h5 align=\"RIGHT\">10. 8. 2024<\/h5>\n<\/td>\n<td style=\"width: 41.7158%; height: 49px;\"><a href=\"https:\/\/sobotniskola.casd.cz\/lekce_PDF\/aktualni\/06.pdf\"><span style=\"font-size: 8pt;\"><strong>6. P\u0159esn\u011b naopak<\/strong><\/span><\/a><\/td>\n<td style=\"width: 15.911%; height: 49px;\">Foks R.<\/td>\n<td style=\"width: 16.2534%; height: 49px;\" width=\"100\">Foks J.<\/td>\n<td style=\"width: 18.3082%; height: 49px;\">&nbsp;<\/td>\n<\/tr>\n<tr style=\"height: 56px;\" valign=\"TOP\">\n<td style=\"width: 13.8116%; height: 40px;\">\n<h5 align=\"RIGHT\">17. 8. 2024<\/h5>\n<\/td>\n<td style=\"width: 41.7158%; height: 40px;\"><a href=\"https:\/\/sobotniskola.casd.cz\/lekce_PDF\/aktualni\/07.pdf\"><span style=\"font-size: 8pt;\"><strong>7. Je\u017e\u00ed\u0161 u\u010d\u00ed u\u010dedn\u00edky I.<\/strong><\/span><\/a><\/td>\n<td style=\"width: 15.911%; height: 40px;\">Foks J.<\/td>\n<td style=\"width: 16.2534%; height: 40px;\" width=\"100\">Uhrin J.<\/td>\n<td style=\"width: 18.3082%; height: 40px;\">&nbsp;<\/td>\n<\/tr>\n<tr style=\"height: 56px;\" valign=\"TOP\">\n<td style=\"width: 13.8116%; height: 36px;\">\n<h5 align=\"RIGHT\">24. 8. 2024<\/h5>\n<\/td>\n<td style=\"width: 41.7158%; height: 36px;\"><a href=\"https:\/\/sobotniskola.casd.cz\/lekce_PDF\/aktualni\/08.pdf\"><span style=\"font-size: 8pt;\"><strong>8. Je\u017e\u00ed\u0161 u\u010d\u00ed u\u010dedn\u00edky II.<\/strong><\/span><\/a><\/td>\n<td style=\"width: 15.911%; height: 36px;\">Foksov\u00e1 J.<\/td>\n<td style=\"width: 16.2534%; height: 36px;\" width=\"100\">Sta\u0148kov\u00e1 D.<\/td>\n<td style=\"width: 18.3082%; height: 36px;\">&nbsp;<\/td>\n<\/tr>\n<tr style=\"height: 56px;\" valign=\"TOP\">\n<td style=\"width: 13.8116%; height: 50px;\">\n<h5 align=\"RIGHT\">31. 8. 2020<\/h5>\n<\/td>\n<td style=\"width: 41.7158%; height: 50px;\"><a href=\"https:\/\/sobotniskola.casd.cz\/lekce_PDF\/aktualni\/09.pdf\"><span style=\"font-size: 8pt;\"><strong>9. Spory v Jeruzal\u00e9m\u011b<\/strong><\/span><\/a><\/td>\n<td style=\"width: 15.911%; height: 50px;\">Stan\u011bk M.<\/td>\n<td style=\"width: 16.2534%; height: 50px;\" width=\"100\">Dobe\u0161 D.<\/td>\n<td style=\"width: 18.3082%; height: 50px;\">&nbsp;<\/td>\n<\/tr>\n<tr style=\"height: 56px;\" valign=\"TOP\">\n<td style=\"width: 13.8116%; height: 33px;\">\n<h5 align=\"RIGHT\">7. 9. 2024<\/h5>\n<\/td>\n<td style=\"width: 41.7158%; height: 33px;\"><a href=\"https:\/\/sobotniskola.casd.cz\/lekce_PDF\/aktualni\/10.pdf\"><span style=\"font-size: 8pt;\"><strong>10. Posledn\u00ed dny<\/strong><\/span><\/a><\/td>\n<td style=\"width: 15.911%; height: 33px;\">Sta\u0148kov\u00e1 D.<\/td>\n<td style=\"width: 16.2534%; height: 33px;\" width=\"100\">Hynek J.<\/td>\n<td style=\"width: 18.3082%; height: 33px;\">&nbsp;<\/td>\n<\/tr>\n<tr style=\"height: 56px;\" valign=\"TOP\">\n<td style=\"width: 13.8116%; height: 39px;\">\n<h5 align=\"RIGHT\">14. 9. 2024<\/h5>\n<\/td>\n<td style=\"width: 41.7158%; height: 39px;\"><a href=\"https:\/\/sobotniskola.casd.cz\/lekce_PDF\/aktualni\/11.pdf\"><span style=\"font-size: 8pt;\"><strong>11. Zajet\u00ed a soud<\/strong><\/span><\/a><\/td>\n<td style=\"width: 15.911%; height: 39px;\">Galanopulos J.<\/td>\n<td style=\"width: 16.2534%; height: 39px;\" width=\"107\">Niemiec R.<\/td>\n<td style=\"width: 18.3082%; height: 39px;\">&nbsp;<\/td>\n<\/tr>\n<tr style=\"height: 56px;\" valign=\"TOP\">\n<td style=\"width: 13.8116%; height: 36px;\">\n<h5 align=\"RIGHT\">21. 9. 2024<\/h5>\n<\/td>\n<td style=\"width: 41.7158%; height: 36px;\"><a href=\"https:\/\/sobotniskola.casd.cz\/lekce_PDF\/aktualni\/12.pdf\"><span style=\"font-size: 8pt;\"><strong>12. Odsouzen\u00fd a uk\u0159i\u017eovan\u00fd<\/strong><\/span><\/a><\/td>\n<td style=\"width: 15.911%; height: 36px;\">Foks J.<\/td>\n<td style=\"width: 16.2534%;\" width=\"91\">Foks R.<\/td>\n<td style=\"width: 18.3082%; height: 36px;\"><span style=\"font-size: 8pt;\">&nbsp;<\/span><\/td>\n<\/tr>\n<tr style=\"height: 56px;\" valign=\"TOP\">\n<td style=\"width: 13.8116%; height: 51px;\">\n<h5 align=\"RIGHT\">28. 9. 2024<\/h5>\n<\/td>\n<td style=\"width: 41.7158%; height: 51px;\"><a href=\"https:\/\/sobotniskola.casd.cz\/lekce_PDF\/aktualni\/13.pdf\"><span style=\"font-size: 8pt;\"><strong>13. Vzk\u0159\u00ed\u0161en\u00fd P\u00e1n<\/strong><\/span><\/a><\/td>\n<td style=\"width: 15.911%; height: 51px;\">Foks R.<\/td>\n<td style=\"width: 16.2534%; height: 51px;\"><strong>Strouhal VP<\/strong><\/td>\n<td style=\"width: 18.3082%; height: 51px;\">&nbsp;<\/td>\n<\/tr>\n<\/tbody>\n<\/table>\n","protected":false},"excerpt":{"rendered":"<p>3. \u010dtvrtlet\u00ed 2024 &#8211; Evangelium podle Marka (kliknut\u00edm na jednotliv\u00e1 t\u00e9mata z\u00edsk\u00e1te lekci v pdf.) Datum Sobotn\u00ed \u0161kola &#8211; t\u00e9ma Veden\u00ed S\u0160 K\u00e1z\u00e1n\u00ed Pozn\u00e1mka 6. 7. 2024 1. \u201ePo\u010d\u00e1tek evangelia Je\u017e\u00ed\u0161e Krista\u2026\u201c Foks J. Strouhal &nbsp; 13. 7. 2024 2. Sobota s Je\u017e\u00ed\u0161em Foksov\u00e1 J. &nbsp; &nbsp; 20. 7. 2024 3. Spory o Je\u017e\u00ed\u0161ovo u\u010den\u00ed [&hellip;]<\/p>\n","protected":false},"author":1,"featured_media":0,"parent":0,"menu_order":0,"comment_status":"open","ping_status":"open","template":"","meta":{"ngg_post_thumbnail":0,"footnotes":""},"class_list":["post-304","page","type-page","status-publish","hentry"],"_links":{"self":[{"href":"https:\/\/sternberk.casd.cz\/index.php?rest_route=\/wp\/v2\/pages\/304","targetHints":{"allow":["GET"]}}],"collection":[{"href":"https:\/\/sternberk.casd.cz\/index.php?rest_route=\/wp\/v2\/pages"}],"about":[{"href":"https:\/\/sternberk.casd.cz\/index.php?rest_route=\/wp\/v2\/types\/page"}],"author":[{"embeddable":true,"href":"https:\/\/sternberk.casd.cz\/index.php?rest_route=\/wp\/v2\/users\/1"}],"replies":[{"embeddable":true,"href":"https:\/\/sternberk.casd.cz\/index.php?rest_route=%2Fwp%2Fv2%2Fcomments&post=304"}],"version-history":[{"count":5,"href":"https:\/\/sternberk.casd.cz\/index.php?rest_route=\/wp\/v2\/pages\/304\/revisions"}],"predecessor-version":[{"id":1093,"href":"https:\/\/sternberk.casd.cz\/index.php?rest_route=\/wp\/v2\/pages\/304\/revisions\/1093"}],"wp:attachment":[{"href":"https:\/\/sternberk.casd.cz\/index.php?rest_route=%2Fwp%2Fv2%2Fmedia&parent=304"}],"curies":[{"name":"wp","href":"https:\/\/api.w.org\/{rel}","templated":true}]}}