{"id":8,"date":"2009-06-02T11:42:56","date_gmt":"2009-06-02T09:42:56","guid":{"rendered":"http:\/\/sternberk.casd.cz\/?page_id=8"},"modified":"2024-01-11T21:10:53","modified_gmt":"2024-01-11T19:10:53","slug":"kontakt","status":"publish","type":"page","link":"https:\/\/sternberk.casd.cz\/?page_id=8","title":{"rendered":"Kontakt"},"content":{"rendered":"<p>Sbor C\u00edrkve adventist\u016f sedm\u00e9ho dne \u0160ternberk<\/p>\n<p>Adresa:&nbsp; Sv\u011btlov 902\/40<\/p>\n<p>E-mail: <a href=\"mailto:pastor@lanc.info\"> sternberkcasd@email.cz<\/a><\/p>\n<p>WEB: <a title=\"sbor CASD\" href=\"http:\/\/sternberk.casd.cz\/\">www.sternberk.casd.cz<\/a><\/p>\n<p>I\u010c: 709 09 091<\/p>\n<p>Kazatel: Karel Strouhal<br \/>\ntel.: &nbsp;+420&nbsp;777 076 544<br \/>\ne-mail:<a href=\"mailto:pastor@lanc.info\"> strouhalkarel@gmail.com <\/a><\/p>\n<p>Vedouc\u00ed sboru: Miroslav Stan\u011bk<\/p>\n<p>Kde n\u00e1s najdete?<\/p>\n<p>GPS: 49\u00b044&#8217;07.35&#8243;N, 17\u00b018&#8217;00.25&#8243;E<\/p>\n<p><a title=\"sbor CASD\" href=\"http:\/\/www.mapy.cz\/zakladni?x=17.2995309&amp;y=49.7336655&amp;z=15&amp;source=firm&amp;id=1996541\" target=\"_blank\" rel=\"noopener\">mapy.cz<\/a><\/p>\n<p><img decoding=\"async\" class=\"details-image\" draggable=\"false\" src=\"http:\/\/sternberk.casd.cz\/wp-content\/uploads\/2014\/10\/casd.jpg\" alt=\"\"><\/p>\n","protected":false},"excerpt":{"rendered":"<p>Sbor C\u00edrkve adventist\u016f sedm\u00e9ho dne \u0160ternberk Adresa:&nbsp; Sv\u011btlov 902\/40 E-mail: sternberkcasd@email.cz WEB: www.sternberk.casd.cz I\u010c: 709 09 091 Kazatel: Karel Strouhal tel.: &nbsp;+420&nbsp;777 076 544 e-mail: strouhalkarel@gmail.com Vedouc\u00ed sboru: Miroslav Stan\u011bk Kde n\u00e1s najdete? GPS: 49\u00b044&#8217;07.35&#8243;N, 17\u00b018&#8217;00.25&#8243;E mapy.cz<\/p>\n","protected":false},"author":1,"featured_media":0,"parent":0,"menu_order":3,"comment_status":"open","ping_status":"open","template":"","meta":{"ngg_post_thumbnail":0,"footnotes":""},"class_list":["post-8","page","type-page","status-publish","hentry"],"_links":{"self":[{"href":"https:\/\/sternberk.casd.cz\/index.php?rest_route=\/wp\/v2\/pages\/8","targetHints":{"allow":["GET"]}}],"collection":[{"href":"https:\/\/sternberk.casd.cz\/index.php?rest_route=\/wp\/v2\/pages"}],"about":[{"href":"https:\/\/sternberk.casd.cz\/index.php?rest_route=\/wp\/v2\/types\/page"}],"author":[{"embeddable":true,"href":"https:\/\/sternberk.casd.cz\/index.php?rest_route=\/wp\/v2\/users\/1"}],"replies":[{"embeddable":true,"href":"https:\/\/sternberk.casd.cz\/index.php?rest_route=%2Fwp%2Fv2%2Fcomments&post=8"}],"version-history":[{"count":5,"href":"https:\/\/sternberk.casd.cz\/index.php?rest_route=\/wp\/v2\/pages\/8\/revisions"}],"predecessor-version":[{"id":1075,"href":"https:\/\/sternberk.casd.cz\/index.php?rest_route=\/wp\/v2\/pages\/8\/revisions\/1075"}],"wp:attachment":[{"href":"https:\/\/sternberk.casd.cz\/index.php?rest_route=%2Fwp%2Fv2%2Fmedia&parent=8"}],"curies":[{"name":"wp","href":"https:\/\/api.w.org\/{rel}","templated":true}]}}